{"id":10315,"date":"2024-12-21T08:39:51","date_gmt":"2024-12-21T08:39:51","guid":{"rendered":"https:\/\/demo.wpzoom.com\/inspiro-lite-medical\/?page_id=10315"},"modified":"2025-09-08T17:03:27","modified_gmt":"2025-09-08T17:03:27","slug":"homepage-inspiro","status":"publish","type":"page","link":"https:\/\/www.bachinger.vet\/","title":{"rendered":""},"content":{"rendered":"  <section id=\"landing\" class=\"hero-rotator-wrap alignfull\" style=\"min-height:90vh\">\n    <div class=\"hero-rotator\" aria-hidden=\"true\">\n              <div class=\"css-slide\"><img decoding=\"async\" src=\"https:\/\/www.bachinger.vet\/wp-content\/uploads\/hero\/01.JPEG\" alt=\"\"><\/div>\n              <div class=\"css-slide\"><img decoding=\"async\" src=\"https:\/\/www.bachinger.vet\/wp-content\/uploads\/hero\/02.JPEG\" alt=\"\"><\/div>\n              <div class=\"css-slide\"><img decoding=\"async\" src=\"https:\/\/www.bachinger.vet\/wp-content\/uploads\/hero\/03.JPEG\" alt=\"\"><\/div>\n            <span class=\"dim\"><\/span>\n    <\/div>\n\n    <div class=\"hero-inner\">\n      <h1>Tierarzt Mag. Ernst Bachinger<\/h1>\n      <p class=\"subtitle\">Praxis f\u00fcr Rinder, Pferde, Kleintiere &amp; kleine Wiederk\u00e4uer<\/p>\n    <\/div>\n  <\/section>\n  \n\n\n\n<section id=\"leistungen\" class=\"wp-block-group has-light-gray-background-color has-background is-layout-constrained wp-container-core-group-is-layout-a8b18105 wp-block-group-is-layout-constrained\" style=\"padding-top:80px;padding-bottom:80px\">\n<h2 class=\"wp-block-heading\">Unsere Leistungen<\/h2>\n\n\n\n<p>Umfassende tier\u00e4rztliche Betreuung f\u00fcr Gro\u00df- und Kleintiere.<\/p>\n\n\n\n<ul class=\"wp-block-list\">\n<li>Rinder: Bestandsbetreuung, Geburtshilfe, Fruchtbarkeitsmanagement<\/li>\n\n\n\n<li>Pferde: Allgemeinmedizin, Zahnbehandlungen, Notf\u00e4lle<\/li>\n\n\n\n<li>Kleintiere: Impfungen, Chirurgie, Vorsorge<\/li>\n\n\n\n<li>Kleine Wiederk\u00e4uer: Parasitenkontrolle, Herdengesundheit<\/li>\n<\/ul>\n<\/section>\n\n\n\n<section id=\"team\" class=\"wp-block-group team-alt is-layout-constrained wp-container-core-group-is-layout-a8b18105 wp-block-group-is-layout-constrained\" style=\"padding-top:80px;padding-bottom:80px\">\n<h2 class=\"wp-block-heading\">Unser Team<\/h2>\n\n\n\n<div class=\"wp-block-columns are-vertically-aligned-center team-row is-layout-flex wp-container-core-columns-is-layout-28f84493 wp-block-columns-is-layout-flex\">\n<div class=\"wp-block-column is-vertically-aligned-center is-layout-flow wp-block-column-is-layout-flow\" style=\"flex-basis:40%\">\n<figure class=\"wp-block-image size-large has-custom-border\"><img loading=\"lazy\" decoding=\"async\" width=\"689\" height=\"1024\" src=\"https:\/\/www.bachinger.vet\/wp-content\/uploads\/2025\/08\/thumbnail_IMG_1886-1-689x1024.jpg\" alt=\"\" class=\"wp-image-10435\" style=\"border-radius:999px\" srcset=\"https:\/\/www.bachinger.vet\/wp-content\/uploads\/2025\/08\/thumbnail_IMG_1886-1-689x1024.jpg 689w, https:\/\/www.bachinger.vet\/wp-content\/uploads\/2025\/08\/thumbnail_IMG_1886-1-202x300.jpg 202w, https:\/\/www.bachinger.vet\/wp-content\/uploads\/2025\/08\/thumbnail_IMG_1886-1-768x1141.jpg 768w, https:\/\/www.bachinger.vet\/wp-content\/uploads\/2025\/08\/thumbnail_IMG_1886-1-1034x1536.jpg 1034w, https:\/\/www.bachinger.vet\/wp-content\/uploads\/2025\/08\/thumbnail_IMG_1886-1-1378x2048.jpg 1378w, https:\/\/www.bachinger.vet\/wp-content\/uploads\/2025\/08\/thumbnail_IMG_1886-1-scaled.jpg 1723w\" sizes=\"auto, (max-width: 689px) 100vw, 689px\" \/><\/figure>\n<\/div>\n\n\n\n<div class=\"wp-block-column is-vertically-aligned-center is-layout-flow wp-block-column-is-layout-flow\" style=\"flex-basis:60%\">\n<h3 class=\"wp-block-heading\">Mag. Ernst Bachinger<\/h3>\n\n\n\n<p>Praxisinhaber<\/p>\n<\/div>\n<\/div>\n\n\n\n<div class=\"wp-block-columns are-vertically-aligned-center team-row flip is-layout-flex wp-container-core-columns-is-layout-28f84493 wp-block-columns-is-layout-flex\">\n<div class=\"wp-block-column is-vertically-aligned-center is-layout-flow wp-block-column-is-layout-flow\" style=\"flex-basis:60%\">\n<h3 class=\"wp-block-heading\">Mag. Valentin Fr\u00f6tscher<\/h3>\n\n\n\n<p>Assistenztierarzt<\/p>\n<\/div>\n\n\n\n<div class=\"wp-block-column is-vertically-aligned-center is-layout-flow wp-block-column-is-layout-flow\" style=\"flex-basis:40%\">\n<figure class=\"wp-block-image size-full has-custom-border\"><img loading=\"lazy\" decoding=\"async\" width=\"640\" height=\"640\" src=\"https:\/\/www.bachinger.vet\/wp-content\/uploads\/2025\/08\/vali.jpg\" alt=\"\" class=\"wp-image-10436\" style=\"border-radius:999px\" srcset=\"https:\/\/www.bachinger.vet\/wp-content\/uploads\/2025\/08\/vali.jpg 640w, https:\/\/www.bachinger.vet\/wp-content\/uploads\/2025\/08\/vali-300x300.jpg 300w, https:\/\/www.bachinger.vet\/wp-content\/uploads\/2025\/08\/vali-150x150.jpg 150w\" sizes=\"auto, (max-width: 640px) 100vw, 640px\" \/><\/figure>\n<\/div>\n<\/div>\n<\/section>\n\n\n\n<section id=\"anfahrt\" class=\"wp-block-group has-light-gray-background-color has-background is-layout-constrained wp-container-core-group-is-layout-a8b18105 wp-block-group-is-layout-constrained\" style=\"padding-top:80px;padding-bottom:80px\">\n<h2 class=\"wp-block-heading\">Anfahrt<\/h2>\n\n\n\n<p>Tierarztpraxis Mag. Ernst Bachinger, Eberschwangerstra\u00dfe 65, 4910 Ried im Innkreis<\/p>\n\n\n\n<div class=\"wp-block-columns alignwide is-layout-flex wp-container-core-columns-is-layout-28f84493 wp-block-columns-is-layout-flex\">\n<div class=\"wp-block-column is-layout-flow wp-block-column-is-layout-flow\" style=\"flex-basis:100%\">\n<iframe src=\"https:\/\/www.google.com\/maps\/embed?pb=!1m18!1m12!1m3!1d1330.5486512275077!2d13.501531080156703!3d48.19479913193808!2m3!1f0!2f0!3f0!3m2!1i1024!2i768!4f13.1!3m3!1m2!1s0x477415d917ad83ed%3A0x7e32a787b03ccdcd!2sTierarzt%20Mag.%20Ernst%20Bachinger!5e0!3m2!1sde!2sat!4v1755374421647!5m2!1sde!2sat\" width=\"100%\" height=\"450\" style=\"border:0;\" allowfullscreen=\"\" loading=\"lazy\" referrerpolicy=\"no-referrer-when-downgrade\"><\/iframe>\n<\/div>\n<\/div>\n<\/section>\n\n\n\n<section id=\"kontakt\" class=\"wp-block-group is-layout-constrained wp-container-core-group-is-layout-a8b18105 wp-block-group-is-layout-constrained\" style=\"padding-top:80px;padding-bottom:80px\">\n<div class=\"wp-block-columns are-vertically-aligned-top is-layout-flex wp-container-core-columns-is-layout-28f84493 wp-block-columns-is-layout-flex\">\n<div class=\"wp-block-column is-layout-flow wp-block-column-is-layout-flow\">\n<h3 class=\"wp-block-heading\">Kontakt<\/h3>\n\n\n\n<p><strong>Telefon:<\/strong> <a href=\"tel:+43775280312\">+43 7752 80312<\/a><br><strong>E-Mail:<\/strong> <a href=\"mailto:office@bachinger.vet\">office@bachinger.vet<\/a><\/p>\n\n\n\n<div class=\"wp-block-buttons is-layout-flex wp-block-buttons-is-layout-flex\">\n<div class=\"wp-block-button\"><a class=\"wp-block-button__link has-white-color has-vivid-cyan-blue-background-color has-text-color has-background wp-element-button\" href=\"https:\/\/termin.bachinger.vet\" style=\"border-radius:8px;padding-top:12px;padding-right:22px;padding-bottom:12px;padding-left:22px\">Termin vereinbaren<\/a><\/div>\n<\/div>\n<\/div>\n\n\n\n<div class=\"wp-block-column is-layout-flow wp-block-column-is-layout-flow\">\n<h3 class=\"wp-block-heading\">\u00d6ffnungszeiten<\/h3>\n\n\n\n<ul class=\"wp-block-list\">\n<li>Mo\u2013Fr: 08:00\u201318:00 Uhr<\/li>\n\n\n\n<li>Sa: nach Vereinbarung<\/li>\n\n\n\n<li>Notf\u00e4lle: jederzeit erreichbar<\/li>\n<\/ul>\n<\/div>\n<\/div>\n\n\n\n<p><\/p>\n<\/section>\n","protected":false},"excerpt":{"rendered":"<p>Unsere Leistungen Umfassende tier\u00e4rztliche Betreuung f\u00fcr Gro\u00df- und Kleintiere. Unser Team Mag. Ernst Bachinger Praxisinhaber Mag. Valentin Fr\u00f6tscher Assistenztierarzt Anfahrt Tierarztpraxis Mag. Ernst Bachinger, Eberschwangerstra\u00dfe 65, 4910 Ried im Innkreis Kontakt Telefon: +43 7752 80312E-Mail: office@bachinger.vet \u00d6ffnungszeiten<\/p>\n","protected":false},"author":1,"featured_media":0,"parent":0,"menu_order":0,"comment_status":"closed","ping_status":"closed","template":"","meta":{"footnotes":""},"class_list":["post-10315","page","type-page","status-publish","hentry"],"blocksy_meta":[],"_links":{"self":[{"href":"https:\/\/www.bachinger.vet\/index.php\/wp-json\/wp\/v2\/pages\/10315","targetHints":{"allow":["GET"]}}],"collection":[{"href":"https:\/\/www.bachinger.vet\/index.php\/wp-json\/wp\/v2\/pages"}],"about":[{"href":"https:\/\/www.bachinger.vet\/index.php\/wp-json\/wp\/v2\/types\/page"}],"author":[{"embeddable":true,"href":"https:\/\/www.bachinger.vet\/index.php\/wp-json\/wp\/v2\/users\/1"}],"replies":[{"embeddable":true,"href":"https:\/\/www.bachinger.vet\/index.php\/wp-json\/wp\/v2\/comments?post=10315"}],"version-history":[{"count":29,"href":"https:\/\/www.bachinger.vet\/index.php\/wp-json\/wp\/v2\/pages\/10315\/revisions"}],"predecessor-version":[{"id":10501,"href":"https:\/\/www.bachinger.vet\/index.php\/wp-json\/wp\/v2\/pages\/10315\/revisions\/10501"}],"wp:attachment":[{"href":"https:\/\/www.bachinger.vet\/index.php\/wp-json\/wp\/v2\/media?parent=10315"}],"curies":[{"name":"wp","href":"https:\/\/api.w.org\/{rel}","templated":true}]}}